{"id":782,"date":"2020-10-12T13:40:06","date_gmt":"2020-10-12T11:40:06","guid":{"rendered":"https:\/\/chatelsensations.com\/shopski\/?page_id=782"},"modified":"2024-11-19T11:21:49","modified_gmt":"2024-11-19T10:21:49","slug":"notre-ecole-de-ski-situee-au-pied-de-la-telecabine-du-linga","status":"publish","type":"page","link":"https:\/\/chatelsensations.com\/shopski\/","title":{"rendered":"Notre \u00e9cole de ski (situ\u00e9e \u00e0 Pr\u00e9 la Joux)"},"content":{"rendered":"\n<p><strong>ATTENTION NOTRE ECOLE DE SKI A CHANG\u00c9 D&rsquo;EMPLACEMENT : <strong>D<strong>\u00c9<\/strong>PART<\/strong> DES COURS DE SKI <strong>\u00c0<\/strong> C\u00d4T<strong><strong><strong>\u00c9<\/strong><\/strong><\/strong> DU T\u00c9L\u00c9SI\u00c8GE DE PR\u00c9 LA JOUX <\/strong>(<strong>PREMIER T\u00c9L\u00c9SI\u00c8GE SUR VOTRE DROITE QUI PASSE AU DESSUS DE LA ROUTE) ET NOTRE BUREAU SE TROUVE AU CENTRE VILLE DE CHATEL AU 66 ROUTE DU LINGA 74390 CHATEL<\/strong><\/p>\n\n\n\n<div class=\"wp-block-jetpack-slideshow aligncenter\" data-effect=\"slide\"><div class=\"wp-block-jetpack-slideshow_container swiper-container\"><ul class=\"wp-block-jetpack-slideshow_swiper-wrapper swiper-wrapper\"><li class=\"wp-block-jetpack-slideshow_slide swiper-slide\"><figure><img loading=\"lazy\" width=\"1600\" height=\"1200\" alt=\"\" class=\"wp-block-jetpack-slideshow_image wp-image-947\" data-id=\"947\" src=\"https:\/\/chatelsensations.com\/shopski\/wp-content\/uploads\/2022\/02\/73aa012d-6076-476d-8594-b10b45477189.jpg\" srcset=\"https:\/\/chatelsensations.com\/shopski\/wp-content\/uploads\/2022\/02\/73aa012d-6076-476d-8594-b10b45477189.jpg 1600w, https:\/\/chatelsensations.com\/shopski\/wp-content\/uploads\/2022\/02\/73aa012d-6076-476d-8594-b10b45477189-300x225.jpg 300w, https:\/\/chatelsensations.com\/shopski\/wp-content\/uploads\/2022\/02\/73aa012d-6076-476d-8594-b10b45477189-1024x768.jpg 1024w, https:\/\/chatelsensations.com\/shopski\/wp-content\/uploads\/2022\/02\/73aa012d-6076-476d-8594-b10b45477189-768x576.jpg 768w, https:\/\/chatelsensations.com\/shopski\/wp-content\/uploads\/2022\/02\/73aa012d-6076-476d-8594-b10b45477189-1536x1152.jpg 1536w, https:\/\/chatelsensations.com\/shopski\/wp-content\/uploads\/2022\/02\/73aa012d-6076-476d-8594-b10b45477189-80x60.jpg 80w\" sizes=\"(max-width: 1600px) 100vw, 1600px\" \/><\/figure><\/li><li class=\"wp-block-jetpack-slideshow_slide swiper-slide\"><figure><img loading=\"lazy\" width=\"2048\" height=\"1536\" alt=\"\" class=\"wp-block-jetpack-slideshow_image wp-image-946\" data-id=\"946\" src=\"https:\/\/chatelsensations.com\/shopski\/wp-content\/uploads\/2022\/02\/bc5bf03f-1d2c-4a6e-bda6-9c6336aee9ba.jpg\" srcset=\"https:\/\/chatelsensations.com\/shopski\/wp-content\/uploads\/2022\/02\/bc5bf03f-1d2c-4a6e-bda6-9c6336aee9ba.jpg 2048w, https:\/\/chatelsensations.com\/shopski\/wp-content\/uploads\/2022\/02\/bc5bf03f-1d2c-4a6e-bda6-9c6336aee9ba-300x225.jpg 300w, https:\/\/chatelsensations.com\/shopski\/wp-content\/uploads\/2022\/02\/bc5bf03f-1d2c-4a6e-bda6-9c6336aee9ba-1024x768.jpg 1024w, https:\/\/chatelsensations.com\/shopski\/wp-content\/uploads\/2022\/02\/bc5bf03f-1d2c-4a6e-bda6-9c6336aee9ba-768x576.jpg 768w, https:\/\/chatelsensations.com\/shopski\/wp-content\/uploads\/2022\/02\/bc5bf03f-1d2c-4a6e-bda6-9c6336aee9ba-1536x1152.jpg 1536w, https:\/\/chatelsensations.com\/shopski\/wp-content\/uploads\/2022\/02\/bc5bf03f-1d2c-4a6e-bda6-9c6336aee9ba-80x60.jpg 80w\" sizes=\"(max-width: 2048px) 100vw, 2048px\" \/><\/figure><\/li><li class=\"wp-block-jetpack-slideshow_slide swiper-slide\"><figure><img loading=\"lazy\" width=\"1600\" height=\"1200\" alt=\"\" class=\"wp-block-jetpack-slideshow_image wp-image-948\" data-id=\"948\" src=\"https:\/\/chatelsensations.com\/shopski\/wp-content\/uploads\/2022\/02\/9f9328df-1ae7-4bb6-813a-1709fd4e7c59.jpg\" srcset=\"https:\/\/chatelsensations.com\/shopski\/wp-content\/uploads\/2022\/02\/9f9328df-1ae7-4bb6-813a-1709fd4e7c59.jpg 1600w, https:\/\/chatelsensations.com\/shopski\/wp-content\/uploads\/2022\/02\/9f9328df-1ae7-4bb6-813a-1709fd4e7c59-300x225.jpg 300w, https:\/\/chatelsensations.com\/shopski\/wp-content\/uploads\/2022\/02\/9f9328df-1ae7-4bb6-813a-1709fd4e7c59-1024x768.jpg 1024w, https:\/\/chatelsensations.com\/shopski\/wp-content\/uploads\/2022\/02\/9f9328df-1ae7-4bb6-813a-1709fd4e7c59-768x576.jpg 768w, https:\/\/chatelsensations.com\/shopski\/wp-content\/uploads\/2022\/02\/9f9328df-1ae7-4bb6-813a-1709fd4e7c59-1536x1152.jpg 1536w, https:\/\/chatelsensations.com\/shopski\/wp-content\/uploads\/2022\/02\/9f9328df-1ae7-4bb6-813a-1709fd4e7c59-80x60.jpg 80w\" sizes=\"(max-width: 1600px) 100vw, 1600px\" \/><\/figure><\/li><li class=\"wp-block-jetpack-slideshow_slide swiper-slide\"><figure><img loading=\"lazy\" width=\"1024\" height=\"768\" alt=\"\" class=\"wp-block-jetpack-slideshow_image wp-image-933\" data-id=\"933\" src=\"https:\/\/chatelsensations.com\/shopski\/wp-content\/uploads\/2021\/12\/20170209_095548-1024x768-2.jpg\" srcset=\"https:\/\/chatelsensations.com\/shopski\/wp-content\/uploads\/2021\/12\/20170209_095548-1024x768-2.jpg 1024w, https:\/\/chatelsensations.com\/shopski\/wp-content\/uploads\/2021\/12\/20170209_095548-1024x768-2-300x225.jpg 300w, https:\/\/chatelsensations.com\/shopski\/wp-content\/uploads\/2021\/12\/20170209_095548-1024x768-2-768x576.jpg 768w, https:\/\/chatelsensations.com\/shopski\/wp-content\/uploads\/2021\/12\/20170209_095548-1024x768-2-80x60.jpg 80w\" sizes=\"(max-width: 1024px) 100vw, 1024px\" \/><\/figure><\/li><li class=\"wp-block-jetpack-slideshow_slide swiper-slide\"><figure><img loading=\"lazy\" width=\"1600\" height=\"1200\" alt=\"\" class=\"wp-block-jetpack-slideshow_image wp-image-952\" data-id=\"952\" src=\"https:\/\/chatelsensations.com\/shopski\/wp-content\/uploads\/2022\/02\/54348214-c281-4dfd-9942-df22833e6199.jpg\" srcset=\"https:\/\/chatelsensations.com\/shopski\/wp-content\/uploads\/2022\/02\/54348214-c281-4dfd-9942-df22833e6199.jpg 1600w, https:\/\/chatelsensations.com\/shopski\/wp-content\/uploads\/2022\/02\/54348214-c281-4dfd-9942-df22833e6199-300x225.jpg 300w, https:\/\/chatelsensations.com\/shopski\/wp-content\/uploads\/2022\/02\/54348214-c281-4dfd-9942-df22833e6199-1024x768.jpg 1024w, https:\/\/chatelsensations.com\/shopski\/wp-content\/uploads\/2022\/02\/54348214-c281-4dfd-9942-df22833e6199-768x576.jpg 768w, https:\/\/chatelsensations.com\/shopski\/wp-content\/uploads\/2022\/02\/54348214-c281-4dfd-9942-df22833e6199-1536x1152.jpg 1536w, https:\/\/chatelsensations.com\/shopski\/wp-content\/uploads\/2022\/02\/54348214-c281-4dfd-9942-df22833e6199-80x60.jpg 80w\" sizes=\"(max-width: 1600px) 100vw, 1600px\" \/><\/figure><\/li><\/ul><a class=\"wp-block-jetpack-slideshow_button-prev swiper-button-prev swiper-button-white\" role=\"button\"><\/a><a class=\"wp-block-jetpack-slideshow_button-next swiper-button-next swiper-button-white\" role=\"button\"><\/a><a aria-label=\"Pause Slideshow\" class=\"wp-block-jetpack-slideshow_button-pause\" role=\"button\"><\/a><div class=\"wp-block-jetpack-slideshow_pagination swiper-pagination swiper-pagination-white\"><\/div><\/div><\/div>\n\n\n\n<p>Encadr\u00e9e par des professionnels de la montagne dipl\u00f4m\u00e9s d\u2019Etat, notre \u00e9cole vous propose : &nbsp;<\/p>\n\n\n\n<ul><li><span style=\"color: initial;\">Des activit\u00e9s vari\u00e9es : des stages de ski ou de snowboard \u00e0 la semaine, mais \u00e9galement du handiski ou taxiski pour les personnes \u00e0 mobilit\u00e9 r\u00e9duite et les personnes ne sachant pas skier. Nous proposons par ailleurs en exclusivit\u00e9 l\u2019apprentissage des nouvelles glisses, telles que le ski de bosses, le freeride, le freestyle et le t\u00e9l\u00e9mark, pour les plus aventureux d\u2019entre vous. Sans oublier nos diverses activit\u00e9s similaires, comme le ski de fond ou les raquettes. Quoi que vous recherchiez, l\u2019\u00e9cole de ski Ch\u00e2tel Sensations peut vous l\u2019offrir !<\/span><\/li><li><span style=\"color: initial;\">Du plus petit au plus grand : d\u00e8s 4 ans, votre enfant pourra s\u2019adonner aux joies de la glisse dans notre Jardin des Pitchounes. Pour les 4-5 ans, nous vous proposons des le\u00e7ons particuli\u00e8res adapt\u00e9es, ainsi que des activit\u00e9s ludiques en groupe sur front de neige. <\/span><\/li><li><span style=\"color: initial;\">En groupe ou en le\u00e7on particuli\u00e8re : vous pourrez vous joindre \u00e0 un groupe lors d\u2019un stage \u00e0 la semaine dans une atmosph\u00e8re conviviale ou engager un de nos moniteurs \u00e0 l\u2019heure ou \u00e0 la journ\u00e9e pour des conseils personnalis\u00e9s et des progr\u00e8s plus rapides.<\/span> <\/li><\/ul>\n\n\n\n<div class=\"wp-block-columns\">\n<div class=\"wp-block-column\" style=\"flex-basis:100%\">\n<div class=\"wp-block-columns has-white-color has-text-color has-background\" style=\"background-color:#77b0d4\">\n<div class=\"wp-block-column\" style=\"flex-basis:66.66%\">\n<div class=\"wp-block-jetpack-map\" data-map-style=\"default\" data-map-details=\"true\" data-points=\"[{&quot;placeTitle&quot;:&quot;Pre La Joux&quot;,&quot;title&quot;:&quot;Pre La Joux&quot;,&quot;caption&quot;:&quot;Pre La Joux, Ch\u00e2tel, Haute-Savoie 74390, France&quot;,&quot;id&quot;:&quot;poi.369367220282&quot;,&quot;coordinates&quot;:{&quot;longitude&quot;:6.790097,&quot;latitude&quot;:46.232757}}]\" data-zoom=\"16.25373230090391\" data-map-center=\"{&quot;lng&quot;:6.790097,&quot;lat&quot;:46.232757}\" data-marker-color=\"red\" data-show-fullscreen-button=\"true\"><ul><li><a href=\"https:\/\/www.google.com\/maps\/search\/?api=1&amp;query=46.232757,6.790097\">Pre La Joux<\/a><\/li><\/ul><\/div>\n<\/div>\n\n\n\n<div class=\"wp-block-column is-vertically-aligned-center\" style=\"flex-basis:33.33%\">\n<p class=\"has-text-align-justify\"><strong>O\u00f9 se situe notre \u00e9cole ? <\/strong><br>Cours collectifs ou cours particuliers, nous vous donnons rendez-vous \u00e0 Pr\u00e9 la Joux, juste \u00e0 c\u00f4t\u00e9 des caisses des remont\u00e9es m\u00e9caniques ! <\/p>\n\n\n\n<p>Et retrouvez-nous aussi en centre ville de Ch\u00e2tel au Castel des Neiges, 66 route du Linga <br>74390 Ch\u00e2tel<br><\/p>\n<\/div>\n<\/div>\n<\/div>\n<\/div>\n","protected":false},"excerpt":{"rendered":"<p>ATTENTION NOTRE ECOLE DE SKI A CHANG\u00c9 D&rsquo;EMPLACEMENT : D\u00c9PART DES COURS DE SKI \u00c0 C\u00d4T\u00c9 DU T\u00c9L\u00c9SI\u00c8GE DE PR\u00c9 LA JOUX (PREMIER T\u00c9L\u00c9SI\u00c8GE SUR VOTRE DROITE QUI PASSE AU DESSUS DE LA ROUTE) ET NOTRE BUREAU SE TROUVE AU CENTRE VILLE DE CHATEL AU 66 ROUTE DU LINGA 74390 CHATEL Encadr\u00e9e par des professionnels &hellip; <\/p>\n","protected":false},"author":1,"featured_media":0,"parent":0,"menu_order":0,"comment_status":"closed","ping_status":"closed","template":"","meta":[],"_links":{"self":[{"href":"https:\/\/chatelsensations.com\/shopski\/wp-json\/wp\/v2\/pages\/782"}],"collection":[{"href":"https:\/\/chatelsensations.com\/shopski\/wp-json\/wp\/v2\/pages"}],"about":[{"href":"https:\/\/chatelsensations.com\/shopski\/wp-json\/wp\/v2\/types\/page"}],"author":[{"embeddable":true,"href":"https:\/\/chatelsensations.com\/shopski\/wp-json\/wp\/v2\/users\/1"}],"replies":[{"embeddable":true,"href":"https:\/\/chatelsensations.com\/shopski\/wp-json\/wp\/v2\/comments?post=782"}],"version-history":[{"count":18,"href":"https:\/\/chatelsensations.com\/shopski\/wp-json\/wp\/v2\/pages\/782\/revisions"}],"predecessor-version":[{"id":1228,"href":"https:\/\/chatelsensations.com\/shopski\/wp-json\/wp\/v2\/pages\/782\/revisions\/1228"}],"wp:attachment":[{"href":"https:\/\/chatelsensations.com\/shopski\/wp-json\/wp\/v2\/media?parent=782"}],"curies":[{"name":"wp","href":"https:\/\/api.w.org\/{rel}","templated":true}]}}